{"id":56,"date":"2019-07-31T15:52:20","date_gmt":"2019-07-31T13:52:20","guid":{"rendered":"http:\/\/reginadanse.fr\/?page_id=56"},"modified":"2026-01-25T12:22:54","modified_gmt":"2026-01-25T11:22:54","slug":"stages","status":"publish","type":"page","link":"https:\/\/reginadanse.fr\/?page_id=56","title":{"rendered":"Stages"},"content":{"rendered":"\n<p class=\"has-text-align-center\"><strong>Venez d\u00e9couvrir une danse durant 5 \u00e0 7 semaines les lundis de 21h30-22h30<\/strong>.<\/p>\n\n\n\n<p class=\"has-text-align-left\">Les cours ont lieu \u00e0 l&rsquo;Espace Fran\u00e7oise Dolto : 116 avenue G\u00e9n\u00e9ral Leclerc, 92340 Bourg-la-Reine.<\/p>\n\n\n\n<p><strong><span class=\"has-inline-color has-vivid-red-color\">Les stages sont assur\u00e9s par <a href=\"https:\/\/reginadanse.fr\/?page_id=446\" data-type=\"page\" data-id=\"446\">Pierre-Henri Larcher<\/a>.<\/span><\/strong><\/p>\n\n\n\n<p class=\"has-text-align-center\"><br><strong>Participez \u00e0 nos stages :<\/strong><\/p>\n\n\n\n<p class=\"has-text-align-center\"><strong>Tango<\/strong><\/p>\n\n\n\n<p>Venez apprendre le tango durant notre premier stage de l&rsquo;ann\u00e9e, du 8 septembre au 13 octobre 2025 ! Ce stage est propos\u00e9 aux adh\u00e9rents de R\u00e9gina Danse au tarif de 30 euros par personne et aux non-adh\u00e9rents au tarif de 42 euros par personne.<\/p>\n\n\n\n<p class=\"has-text-align-center\"><strong>Valse<\/strong><\/p>\n\n\n\n<p>Notre deuxi\u00e8me stage de l&rsquo;ann\u00e9e sera consacr\u00e9 \u00e0 la valse du 3 novembre au 15 d\u00e9cembre 2025 ! Ce stage est propos\u00e9 aux adh\u00e9rents de R\u00e9gina Danse au tarif de 35 euros par personne et aux non-adh\u00e9rents au tarif de 49 euros par personne.<\/p>\n\n\n\n<p class=\"has-text-align-center\"><strong>Rock<\/strong> <strong>d\u00e9butant<\/strong><\/p>\n\n\n\n<p>Nous vous proposons un stage de Rock, niveau d\u00e9butant, du lundi 5 janvier 2026 au lundi 16 f\u00e9vrier 2026. Ce stage est propos\u00e9 au tarif de 42 euros par participant.<br><em>Remarque : il n&rsquo;y aura pas de cours le lundi 19 janvier 2026<\/em>.<\/p>\n\n\n\n<p class=\"has-text-align-center\"><strong>Rock<\/strong> <strong>interm\u00e9diaire<\/strong><\/p>\n\n\n\n<p class=\"has-text-align-left\">Nous vous proposons un stage de Rock, niveau interm\u00e9daire, du lundi 9 mars au lundi 13 avril 2026. Ce stage est propos\u00e9 aux adh\u00e9rents de R\u00e9gina Danse au tarif de 30 euros par personne et aux non-adh\u00e9rents au tarif de 42 euros par personne.<br><\/p>\n\n\n\n<p class=\"has-text-align-center\"><strong>D&rsquo;autres danses et d&rsquo;autres dates \u00e0 venir<\/strong> !<\/p>\n\n\n\n<p><br>Les inscriptions aux stages se font obligatoirement pour le stage en entier.<br>Inscription \u00e0 l&rsquo;adresse : <a href=\"mailto:reginadanse92@gmail.com\">reginadanse92@gmail.com<\/a><\/p>\n","protected":false},"excerpt":{"rendered":"<p class=\"qua-blog-post-description\">Venez d\u00e9couvrir une danse durant 5 \u00e0 7 semaines les lundis de 21h30-22h30. Les cours ont lieu \u00e0 l&rsquo;Espace Fran\u00e7oise Dolto : 116 avenue G\u00e9n\u00e9ral Leclerc, 92340 Bourg-la-Reine. Les stages sont assur\u00e9s par Pierre-Henri Larcher. Participez \u00e0 nos stages : Tango Venez apprendre le tango durant notre premier stage de l&rsquo;ann\u00e9e, du 8 septembre au [&hellip;]<\/p>\n","protected":false},"author":1,"featured_media":0,"parent":0,"menu_order":0,"comment_status":"closed","ping_status":"closed","template":"","meta":{"footnotes":""},"_links":{"self":[{"href":"https:\/\/reginadanse.fr\/index.php?rest_route=\/wp\/v2\/pages\/56"}],"collection":[{"href":"https:\/\/reginadanse.fr\/index.php?rest_route=\/wp\/v2\/pages"}],"about":[{"href":"https:\/\/reginadanse.fr\/index.php?rest_route=\/wp\/v2\/types\/page"}],"author":[{"embeddable":true,"href":"https:\/\/reginadanse.fr\/index.php?rest_route=\/wp\/v2\/users\/1"}],"replies":[{"embeddable":true,"href":"https:\/\/reginadanse.fr\/index.php?rest_route=%2Fwp%2Fv2%2Fcomments&post=56"}],"version-history":[{"count":46,"href":"https:\/\/reginadanse.fr\/index.php?rest_route=\/wp\/v2\/pages\/56\/revisions"}],"predecessor-version":[{"id":559,"href":"https:\/\/reginadanse.fr\/index.php?rest_route=\/wp\/v2\/pages\/56\/revisions\/559"}],"wp:attachment":[{"href":"https:\/\/reginadanse.fr\/index.php?rest_route=%2Fwp%2Fv2%2Fmedia&parent=56"}],"curies":[{"name":"wp","href":"https:\/\/api.w.org\/{rel}","templated":true}]}}