{"id":5,"date":"2019-07-31T12:06:02","date_gmt":"2019-07-31T10:06:02","guid":{"rendered":"http:\/\/reginadanse.fr\/?page_id=5"},"modified":"2019-11-02T20:51:51","modified_gmt":"2019-11-02T19:51:51","slug":"home","status":"publish","type":"page","link":"https:\/\/reginadanse.fr\/","title":{"rendered":"Home"},"content":{"rendered":"\n<table class=\"wp-block-table\"><tbody><tr><td>R\u00e9gina\n  Danse 2019 \/ 2020<\/td><td>Lundi<\/td><td>Mardi<\/td><td>Mercredi<\/td><\/tr><tr><td>West coast<\/td><td>19H30 &#8211; 20h30<\/td><td>D\u00e9butants<\/td><td><\/td><td>&nbsp;<\/td><\/tr><tr><td>20h30 &#8211; 21h30<\/td><td>Interm\u00e9diaires<\/td><\/tr><tr><td>21h30 &#8211; 22h30<\/td><td>Avanc\u00e9s<\/td><\/tr><tr><td>Pack Batchata, valse, tcha tcha<\/td><td>&nbsp;<\/td><td>19H30 &#8211; 20h30<\/td><td>D\u00e9butants<\/td><\/tr><tr><td>20h30 &#8211; 21h30<\/td><td>exp\u00e9riment\u00e9s<\/td><\/tr><tr><td>21h30 &#8211; 22h30<\/td><td>stages th\u00e9matiques<\/td><\/tr><tr><td>Pack rock\/salsa<\/td><td>&nbsp;<\/td><td>19H30 &#8211; 20h30<\/td><td>D\u00e9butants<\/td><\/tr><tr><td>20h30 &#8211; 21h30<\/td><td>Interm\u00e9diaires<\/td><\/tr><tr><td>21h30 &#8211; 22h30<\/td><td>Avanc\u00e9s<\/td><\/tr><\/tbody><\/table>\n","protected":false},"excerpt":{"rendered":"<p class=\"qua-blog-post-description\">R\u00e9gina Danse 2019 \/ 2020 Lundi Mardi Mercredi West coast 19H30 &#8211; 20h30 D\u00e9butants &nbsp; 20h30 &#8211; 21h30 Interm\u00e9diaires 21h30 &#8211; 22h30 Avanc\u00e9s Pack Batchata, valse, tcha tcha &nbsp; 19H30 &#8211; 20h30 D\u00e9butants 20h30 &#8211; 21h30 exp\u00e9riment\u00e9s 21h30 &#8211; 22h30 stages th\u00e9matiques Pack rock\/salsa &nbsp; 19H30 &#8211; 20h30 D\u00e9butants 20h30 &#8211; 21h30 Interm\u00e9diaires 21h30 &#8211; [&hellip;]<\/p>\n","protected":false},"author":1,"featured_media":0,"parent":0,"menu_order":0,"comment_status":"closed","ping_status":"closed","template":"template-business.php","meta":{"footnotes":""},"_links":{"self":[{"href":"https:\/\/reginadanse.fr\/index.php?rest_route=\/wp\/v2\/pages\/5"}],"collection":[{"href":"https:\/\/reginadanse.fr\/index.php?rest_route=\/wp\/v2\/pages"}],"about":[{"href":"https:\/\/reginadanse.fr\/index.php?rest_route=\/wp\/v2\/types\/page"}],"author":[{"embeddable":true,"href":"https:\/\/reginadanse.fr\/index.php?rest_route=\/wp\/v2\/users\/1"}],"replies":[{"embeddable":true,"href":"https:\/\/reginadanse.fr\/index.php?rest_route=%2Fwp%2Fv2%2Fcomments&post=5"}],"version-history":[{"count":2,"href":"https:\/\/reginadanse.fr\/index.php?rest_route=\/wp\/v2\/pages\/5\/revisions"}],"predecessor-version":[{"id":295,"href":"https:\/\/reginadanse.fr\/index.php?rest_route=\/wp\/v2\/pages\/5\/revisions\/295"}],"wp:attachment":[{"href":"https:\/\/reginadanse.fr\/index.php?rest_route=%2Fwp%2Fv2%2Fmedia&parent=5"}],"curies":[{"name":"wp","href":"https:\/\/api.w.org\/{rel}","templated":true}]}}