{"id":446,"date":"2024-06-07T17:46:01","date_gmt":"2024-06-07T15:46:01","guid":{"rendered":"https:\/\/reginadanse.fr\/?page_id=446"},"modified":"2024-06-22T17:34:08","modified_gmt":"2024-06-22T15:34:08","slug":"pierre-henri-larcher","status":"publish","type":"page","link":"https:\/\/reginadanse.fr\/?page_id=446","title":{"rendered":"Pierre-Henri Larcher"},"content":{"rendered":"\n<div class=\"wp-block-columns has-2-columns is-layout-flex wp-container-core-columns-is-layout-1 wp-block-columns-is-layout-flex\">\n<div class=\"wp-block-column is-layout-flow wp-block-column-is-layout-flow\">\n<figure class=\"wp-block-image size-large\"><img loading=\"lazy\" decoding=\"async\" width=\"1024\" height=\"1007\" src=\"https:\/\/reginadanse.fr\/wp-content\/uploads\/2024\/06\/WhatsApp-Image-2024-06-10-at-19.24.53-1024x1007.jpeg\" alt=\"\" class=\"wp-image-486\" srcset=\"https:\/\/reginadanse.fr\/wp-content\/uploads\/2024\/06\/WhatsApp-Image-2024-06-10-at-19.24.53-1024x1007.jpeg 1024w, https:\/\/reginadanse.fr\/wp-content\/uploads\/2024\/06\/WhatsApp-Image-2024-06-10-at-19.24.53-300x295.jpeg 300w, https:\/\/reginadanse.fr\/wp-content\/uploads\/2024\/06\/WhatsApp-Image-2024-06-10-at-19.24.53-768x755.jpeg 768w, https:\/\/reginadanse.fr\/wp-content\/uploads\/2024\/06\/WhatsApp-Image-2024-06-10-at-19.24.53-1536x1511.jpeg 1536w, https:\/\/reginadanse.fr\/wp-content\/uploads\/2024\/06\/WhatsApp-Image-2024-06-10-at-19.24.53.jpeg 1643w\" sizes=\"(max-width: 1024px) 100vw, 1024px\" \/><\/figure>\n\n\n\n<p><strong><span class=\"has-inline-color has-vivid-red-color\">Pierre-Henri est le professeur du <a href=\"https:\/\/reginadanse.fr\/?page_id=53\" data-type=\"page\" data-id=\"53\">pack Salsa cubaine \/ Bachata<\/a><\/span><\/strong><\/p>\n<\/div>\n\n\n\n<div class=\"wp-block-column is-layout-flow wp-block-column-is-layout-flow\">\n<p>Pierre-Henri a commenc\u00e9 la danse \u00e0 l\u2019\u00e2ge de 6 ans, dans l&rsquo;\u00e9cole de son oncle Jean-Luc Habel et sa tante Laurence Habel, \u00e0 Bourg-en-Bresse. A 11 ans, il a poursuivi sa passion par la danse sportive et les comp\u00e9titions. Cela fut le d\u00e9but d\u2019une grande aventure ponctu\u00e9e de voyages \u00e0 travers le monde pendant plus de 15 ans : 5 fois Champion de France en danses standards, sportif de haut niveau sur les listes du Minist\u00e8re, membre de l\u2019\u00e9quipe de France, 1\/4 de finaliste des championnats d\u2019Europe.<\/p>\n<\/div>\n<\/div>\n\n\n\n<p>En tant que professeur, Pierre-Henri a d\u00e9but\u00e9 l\u2019enseignement au centre de danse Habel de ses d\u00e9buts o\u00f9 il a \u00e9t\u00e9 form\u00e9 \u00e0 une p\u00e9dagogie technique et ludique. Il a ensuite enseign\u00e9 tout au long de sa carri\u00e8re, tant aux danseurs loisirs qu\u2019aux comp\u00e9titeurs.<br><br>Son parcours a notamment \u00e9t\u00e9 marqu\u00e9 par 5 ans de vie en Ukraine, \u00e0 Kiev, avec sa partenaire de danse, o\u00f9 il s\u2019entra\u00eenait dans un des meilleurs clubs du monde et a coach\u00e9 des jeunes couples en comp\u00e9tition intensive.<br><br>Son leitmotiv est d&rsquo;enseigner au quotidien la danse de mani\u00e8re qualitative et dans la bonne humeur, pour que danser devienne un v\u00e9ritable plaisir.<\/p>\n","protected":false},"excerpt":{"rendered":"<p class=\"qua-blog-post-description\">Pierre-Henri est le professeur du pack Salsa cubaine \/ Bachata Pierre-Henri a commenc\u00e9 la danse \u00e0 l\u2019\u00e2ge de 6 ans, dans l&rsquo;\u00e9cole de son oncle Jean-Luc Habel et sa tante Laurence Habel, \u00e0 Bourg-en-Bresse. A 11 ans, il a poursuivi sa passion par la danse sportive et les comp\u00e9titions. Cela fut le d\u00e9but d\u2019une grande [&hellip;]<\/p>\n","protected":false},"author":2,"featured_media":0,"parent":0,"menu_order":0,"comment_status":"closed","ping_status":"closed","template":"","meta":{"footnotes":""},"_links":{"self":[{"href":"https:\/\/reginadanse.fr\/index.php?rest_route=\/wp\/v2\/pages\/446"}],"collection":[{"href":"https:\/\/reginadanse.fr\/index.php?rest_route=\/wp\/v2\/pages"}],"about":[{"href":"https:\/\/reginadanse.fr\/index.php?rest_route=\/wp\/v2\/types\/page"}],"author":[{"embeddable":true,"href":"https:\/\/reginadanse.fr\/index.php?rest_route=\/wp\/v2\/users\/2"}],"replies":[{"embeddable":true,"href":"https:\/\/reginadanse.fr\/index.php?rest_route=%2Fwp%2Fv2%2Fcomments&post=446"}],"version-history":[{"count":13,"href":"https:\/\/reginadanse.fr\/index.php?rest_route=\/wp\/v2\/pages\/446\/revisions"}],"predecessor-version":[{"id":506,"href":"https:\/\/reginadanse.fr\/index.php?rest_route=\/wp\/v2\/pages\/446\/revisions\/506"}],"wp:attachment":[{"href":"https:\/\/reginadanse.fr\/index.php?rest_route=%2Fwp%2Fv2%2Fmedia&parent=446"}],"curies":[{"name":"wp","href":"https:\/\/api.w.org\/{rel}","templated":true}]}}